{"id":352,"date":"2023-08-27T00:25:43","date_gmt":"2023-08-26T22:25:43","guid":{"rendered":"https:\/\/epicesdu237.com\/?post_type=product&#038;p=352"},"modified":"2026-02-12T23:04:11","modified_gmt":"2026-02-12T22:04:11","slug":"yohimbe-moulu","status":"publish","type":"product","link":"https:\/\/epicesdu237.com\/?product=yohimbe-moulu","title":{"rendered":"Yohimbe moulu"},"content":{"rendered":"<p dir=\"ltr\">Le <b>Yohimbe<\/b> (provenant de l&rsquo;\u00e9corce de l&rsquo;arbre <i>Pausinystalia johimbe<\/i>, origine du Cameroun et environ elle est une substance puissante souvent utilis\u00e9e en herboristerie traditionnelle et dans le monde du fitness.<\/p>\n<h3 dir=\"ltr\">Principales Utilisations<\/h3>\n<ol>\n<li dir=\"ltr\">\u200b<b>Soutien \u00e0 la Libido :<\/b> cest un\u00a0 aphrodisiaque naturel pour traiter les dysfonctions \u00e9rectiles(perte de la libido&#8230;.)<\/li>\n<li dir=\"ltr\">\u200b<b>Br\u00fble-graisse (Fat Burner) :<\/b> Tr\u00e8s populaire en musculation pour aider \u00e0 mobiliser les graisses tenaces, car il augmente la thermogen\u00e8se.<\/li>\n<li dir=\"ltr\">\u200b<b>\u00c9nergie :<\/b> Agit comme un stimulant l\u00e9ger \u00e0 mod\u00e9r\u00e9, augmentant la vigilance.<\/li>\n<\/ol>\n","protected":false},"excerpt":{"rendered":"<p>Le Yohimbe (provenant de l&rsquo;\u00e9corce de l&rsquo;arbre Pausinystalia johimbe, origine du Cameroun et environ elle est une substance puissante souvent&hellip;<\/p>\n","protected":false},"featured_media":345,"comment_status":"open","ping_status":"closed","template":"","meta":[],"product_brand":[],"product_cat":[39],"product_tag":[],"class_list":{"0":"post-352","1":"product","2":"type-product","3":"status-publish","4":"has-post-thumbnail","6":"product_cat-ecorce","8":"first","9":"instock","10":"taxable","11":"shipping-taxable","12":"purchasable","13":"product-type-variable"},"jetpack_sharing_enabled":true,"_links":{"self":[{"href":"https:\/\/epicesdu237.com\/index.php?rest_route=\/wp\/v2\/product\/352","targetHints":{"allow":["GET"]}}],"collection":[{"href":"https:\/\/epicesdu237.com\/index.php?rest_route=\/wp\/v2\/product"}],"about":[{"href":"https:\/\/epicesdu237.com\/index.php?rest_route=\/wp\/v2\/types\/product"}],"replies":[{"embeddable":true,"href":"https:\/\/epicesdu237.com\/index.php?rest_route=%2Fwp%2Fv2%2Fcomments&post=352"}],"wp:featuredmedia":[{"embeddable":true,"href":"https:\/\/epicesdu237.com\/index.php?rest_route=\/wp\/v2\/media\/345"}],"wp:attachment":[{"href":"https:\/\/epicesdu237.com\/index.php?rest_route=%2Fwp%2Fv2%2Fmedia&parent=352"}],"wp:term":[{"taxonomy":"product_brand","embeddable":true,"href":"https:\/\/epicesdu237.com\/index.php?rest_route=%2Fwp%2Fv2%2Fproduct_brand&post=352"},{"taxonomy":"product_cat","embeddable":true,"href":"https:\/\/epicesdu237.com\/index.php?rest_route=%2Fwp%2Fv2%2Fproduct_cat&post=352"},{"taxonomy":"product_tag","embeddable":true,"href":"https:\/\/epicesdu237.com\/index.php?rest_route=%2Fwp%2Fv2%2Fproduct_tag&post=352"}],"curies":[{"name":"wp","href":"https:\/\/api.w.org\/{rel}","templated":true}]}}