{"id":543,"date":"2023-09-05T00:14:44","date_gmt":"2023-09-04T22:14:44","guid":{"rendered":"https:\/\/epicesdu237.com\/?post_type=product&#038;p=543"},"modified":"2025-09-03T12:32:39","modified_gmt":"2025-09-03T10:32:39","slug":"clou-de-girofle","status":"publish","type":"product","link":"https:\/\/epicesdu237.com\/?product=clou-de-girofle","title":{"rendered":"Clou de Girofle"},"content":{"rendered":"<p>Le clou de girofle est un bouton floral s\u00e9ch\u00e9 du giroflier. Il est connu pour son arome puissant et sa saveur chaude et \u00e9pic\u00e9e. c&rsquo;est un anti-microbien , un anti-inflammatoire et un anti-oxydant.<\/p>\n","protected":false},"excerpt":{"rendered":"<p>Le clou de girofle est un bouton floral s\u00e9ch\u00e9 du giroflier. Il est connu pour son arome puissant et sa&hellip;<\/p>\n","protected":false},"featured_media":545,"comment_status":"open","ping_status":"closed","template":"","meta":[],"product_brand":[],"product_cat":[24],"product_tag":[],"class_list":{"0":"post-543","1":"product","2":"type-product","3":"status-publish","4":"has-post-thumbnail","6":"product_cat-epices","8":"first","9":"instock","10":"taxable","11":"shipping-taxable","12":"purchasable","13":"product-type-variable"},"jetpack_sharing_enabled":true,"_links":{"self":[{"href":"https:\/\/epicesdu237.com\/index.php?rest_route=\/wp\/v2\/product\/543","targetHints":{"allow":["GET"]}}],"collection":[{"href":"https:\/\/epicesdu237.com\/index.php?rest_route=\/wp\/v2\/product"}],"about":[{"href":"https:\/\/epicesdu237.com\/index.php?rest_route=\/wp\/v2\/types\/product"}],"replies":[{"embeddable":true,"href":"https:\/\/epicesdu237.com\/index.php?rest_route=%2Fwp%2Fv2%2Fcomments&post=543"}],"wp:featuredmedia":[{"embeddable":true,"href":"https:\/\/epicesdu237.com\/index.php?rest_route=\/wp\/v2\/media\/545"}],"wp:attachment":[{"href":"https:\/\/epicesdu237.com\/index.php?rest_route=%2Fwp%2Fv2%2Fmedia&parent=543"}],"wp:term":[{"taxonomy":"product_brand","embeddable":true,"href":"https:\/\/epicesdu237.com\/index.php?rest_route=%2Fwp%2Fv2%2Fproduct_brand&post=543"},{"taxonomy":"product_cat","embeddable":true,"href":"https:\/\/epicesdu237.com\/index.php?rest_route=%2Fwp%2Fv2%2Fproduct_cat&post=543"},{"taxonomy":"product_tag","embeddable":true,"href":"https:\/\/epicesdu237.com\/index.php?rest_route=%2Fwp%2Fv2%2Fproduct_tag&post=543"}],"curies":[{"name":"wp","href":"https:\/\/api.w.org\/{rel}","templated":true}]}}