{"id":658,"date":"2023-09-11T22:05:05","date_gmt":"2023-09-11T20:05:05","guid":{"rendered":"https:\/\/epicesdu237.com\/?post_type=product&#038;p=658"},"modified":"2026-03-01T17:54:41","modified_gmt":"2026-03-01T16:54:41","slug":"essok","status":"publish","type":"product","link":"https:\/\/epicesdu237.com\/?product=essok","title":{"rendered":"Essok"},"content":{"rendered":"<blockquote>\n<p dir=\"ltr\"><i>L&rsquo;\u00e9corce d&rsquo;Essok, issue du Garcinia punctata, est une alli\u00e9e pr\u00e9cieuse de la sant\u00e9 intestinale. R\u00e9colt\u00e9e de mani\u00e8re durable dans les for\u00eats du Cameroun, cette \u00e9corce fibreuse est riche en antioxydants naturels. <\/i><\/p>\n<p dir=\"ltr\"><i>Utilis\u00e9e en infusion, elle offre une amertume noble et des vertus purifiantes reconnues par les traditions ancestrales.\u00a0\u00bb<\/i><\/p>\n<\/blockquote>\n","protected":false},"excerpt":{"rendered":"<p>L&rsquo;\u00e9corce d&rsquo;Essok, issue du Garcinia punctata, est une alli\u00e9e pr\u00e9cieuse de la sant\u00e9 intestinale. R\u00e9colt\u00e9e de mani\u00e8re durable dans les&hellip;<\/p>\n","protected":false},"featured_media":659,"comment_status":"open","ping_status":"closed","template":"","meta":[],"product_brand":[],"product_cat":[39],"product_tag":[],"class_list":{"0":"post-658","1":"product","2":"type-product","3":"status-publish","4":"has-post-thumbnail","6":"product_cat-ecorce","8":"first","9":"instock","10":"taxable","11":"shipping-taxable","12":"purchasable","13":"product-type-variable"},"jetpack_sharing_enabled":true,"_links":{"self":[{"href":"https:\/\/epicesdu237.com\/index.php?rest_route=\/wp\/v2\/product\/658","targetHints":{"allow":["GET"]}}],"collection":[{"href":"https:\/\/epicesdu237.com\/index.php?rest_route=\/wp\/v2\/product"}],"about":[{"href":"https:\/\/epicesdu237.com\/index.php?rest_route=\/wp\/v2\/types\/product"}],"replies":[{"embeddable":true,"href":"https:\/\/epicesdu237.com\/index.php?rest_route=%2Fwp%2Fv2%2Fcomments&post=658"}],"wp:featuredmedia":[{"embeddable":true,"href":"https:\/\/epicesdu237.com\/index.php?rest_route=\/wp\/v2\/media\/659"}],"wp:attachment":[{"href":"https:\/\/epicesdu237.com\/index.php?rest_route=%2Fwp%2Fv2%2Fmedia&parent=658"}],"wp:term":[{"taxonomy":"product_brand","embeddable":true,"href":"https:\/\/epicesdu237.com\/index.php?rest_route=%2Fwp%2Fv2%2Fproduct_brand&post=658"},{"taxonomy":"product_cat","embeddable":true,"href":"https:\/\/epicesdu237.com\/index.php?rest_route=%2Fwp%2Fv2%2Fproduct_cat&post=658"},{"taxonomy":"product_tag","embeddable":true,"href":"https:\/\/epicesdu237.com\/index.php?rest_route=%2Fwp%2Fv2%2Fproduct_tag&post=658"}],"curies":[{"name":"wp","href":"https:\/\/api.w.org\/{rel}","templated":true}]}}