{"id":691,"date":"2025-09-03T11:26:13","date_gmt":"2025-09-03T09:26:13","guid":{"rendered":"https:\/\/epicesdu237.com\/?post_type=product&#038;p=691"},"modified":"2025-09-03T11:26:13","modified_gmt":"2025-09-03T09:26:13","slug":"feuille-de-citronnelle-sechee","status":"publish","type":"product","link":"https:\/\/epicesdu237.com\/?product=feuille-de-citronnelle-sechee","title":{"rendered":"Feuille de Citronnelle S\u00e9ch\u00e9e"},"content":{"rendered":"<p><a href=\"https:\/\/epicesdu237.com\/wp-content\/uploads\/2025\/09\/1756164381867.png\"><img fetchpriority=\"high\" decoding=\"async\" class=\"alignnone size-medium wp-image-680\" src=\"https:\/\/epicesdu237.com\/wp-content\/uploads\/2025\/09\/1756164381867-300x300.png\" alt=\"\" width=\"300\" height=\"300\" srcset=\"https:\/\/epicesdu237.com\/wp-content\/uploads\/2025\/09\/1756164381867-300x300.png 300w, https:\/\/epicesdu237.com\/wp-content\/uploads\/2025\/09\/1756164381867-1024x1024.png 1024w, https:\/\/epicesdu237.com\/wp-content\/uploads\/2025\/09\/1756164381867-150x150.png 150w, https:\/\/epicesdu237.com\/wp-content\/uploads\/2025\/09\/1756164381867-768x768.png 768w, https:\/\/epicesdu237.com\/wp-content\/uploads\/2025\/09\/1756164381867-600x600.png 600w, https:\/\/epicesdu237.com\/wp-content\/uploads\/2025\/09\/1756164381867-100x100.png 100w, https:\/\/epicesdu237.com\/wp-content\/uploads\/2025\/09\/1756164381867.png 1080w\" sizes=\"(max-width: 300px) 100vw, 300px\" \/><\/a><a href=\"https:\/\/epicesdu237.com\/wp-content\/uploads\/2025\/09\/1756164390778.png\"><img decoding=\"async\" class=\"alignnone size-medium wp-image-681\" src=\"https:\/\/epicesdu237.com\/wp-content\/uploads\/2025\/09\/1756164390778-300x300.png\" alt=\"\" width=\"300\" height=\"300\" srcset=\"https:\/\/epicesdu237.com\/wp-content\/uploads\/2025\/09\/1756164390778-300x300.png 300w, https:\/\/epicesdu237.com\/wp-content\/uploads\/2025\/09\/1756164390778-1024x1024.png 1024w, https:\/\/epicesdu237.com\/wp-content\/uploads\/2025\/09\/1756164390778-150x150.png 150w, https:\/\/epicesdu237.com\/wp-content\/uploads\/2025\/09\/1756164390778-768x768.png 768w, https:\/\/epicesdu237.com\/wp-content\/uploads\/2025\/09\/1756164390778-600x600.png 600w, https:\/\/epicesdu237.com\/wp-content\/uploads\/2025\/09\/1756164390778-100x100.png 100w, https:\/\/epicesdu237.com\/wp-content\/uploads\/2025\/09\/1756164390778.png 1080w\" sizes=\"(max-width: 300px) 100vw, 300px\" \/><\/a><a href=\"https:\/\/epicesdu237.com\/wp-content\/uploads\/2025\/09\/1756164373911.png\"><img decoding=\"async\" class=\"alignnone size-medium wp-image-677\" src=\"https:\/\/epicesdu237.com\/wp-content\/uploads\/2025\/09\/1756164373911-300x300.png\" alt=\"\" width=\"300\" height=\"300\" srcset=\"https:\/\/epicesdu237.com\/wp-content\/uploads\/2025\/09\/1756164373911-300x300.png 300w, https:\/\/epicesdu237.com\/wp-content\/uploads\/2025\/09\/1756164373911-1024x1024.png 1024w, https:\/\/epicesdu237.com\/wp-content\/uploads\/2025\/09\/1756164373911-150x150.png 150w, https:\/\/epicesdu237.com\/wp-content\/uploads\/2025\/09\/1756164373911-768x768.png 768w, https:\/\/epicesdu237.com\/wp-content\/uploads\/2025\/09\/1756164373911-600x600.png 600w, https:\/\/epicesdu237.com\/wp-content\/uploads\/2025\/09\/1756164373911-100x100.png 100w, https:\/\/epicesdu237.com\/wp-content\/uploads\/2025\/09\/1756164373911.png 1080w\" sizes=\"(max-width: 300px) 100vw, 300px\" \/><\/a><\/p>\n","protected":false},"excerpt":{"rendered":"<p>La citronnelle est une plante polyvalente qui peut \u00eatre utilis\u00e9e de diff\u00e9rentes mani\u00e8res huiles essentielles ou en poudre. Elle contient des propri\u00e9t\u00e9s: antibact\u00e9rienne ,anti-inflammatoire, et antifongique.<\/p>\n","protected":false},"featured_media":681,"comment_status":"open","ping_status":"closed","template":"","meta":[],"product_brand":[],"product_cat":[43],"product_tag":[],"class_list":{"0":"post-691","1":"product","2":"type-product","3":"status-publish","4":"has-post-thumbnail","6":"product_cat-feuille-sechee","8":"first","9":"instock","10":"taxable","11":"shipping-taxable","12":"purchasable","13":"product-type-variable"},"jetpack_sharing_enabled":true,"_links":{"self":[{"href":"https:\/\/epicesdu237.com\/index.php?rest_route=\/wp\/v2\/product\/691","targetHints":{"allow":["GET"]}}],"collection":[{"href":"https:\/\/epicesdu237.com\/index.php?rest_route=\/wp\/v2\/product"}],"about":[{"href":"https:\/\/epicesdu237.com\/index.php?rest_route=\/wp\/v2\/types\/product"}],"replies":[{"embeddable":true,"href":"https:\/\/epicesdu237.com\/index.php?rest_route=%2Fwp%2Fv2%2Fcomments&post=691"}],"wp:featuredmedia":[{"embeddable":true,"href":"https:\/\/epicesdu237.com\/index.php?rest_route=\/wp\/v2\/media\/681"}],"wp:attachment":[{"href":"https:\/\/epicesdu237.com\/index.php?rest_route=%2Fwp%2Fv2%2Fmedia&parent=691"}],"wp:term":[{"taxonomy":"product_brand","embeddable":true,"href":"https:\/\/epicesdu237.com\/index.php?rest_route=%2Fwp%2Fv2%2Fproduct_brand&post=691"},{"taxonomy":"product_cat","embeddable":true,"href":"https:\/\/epicesdu237.com\/index.php?rest_route=%2Fwp%2Fv2%2Fproduct_cat&post=691"},{"taxonomy":"product_tag","embeddable":true,"href":"https:\/\/epicesdu237.com\/index.php?rest_route=%2Fwp%2Fv2%2Fproduct_tag&post=691"}],"curies":[{"name":"wp","href":"https:\/\/api.w.org\/{rel}","templated":true}]}}