{"id":698,"date":"2025-09-03T13:17:14","date_gmt":"2025-09-03T11:17:14","guid":{"rendered":"https:\/\/epicesdu237.com\/?post_type=product&#038;p=698"},"modified":"2025-09-03T13:17:14","modified_gmt":"2025-09-03T11:17:14","slug":"racinedegouro","status":"publish","type":"product","link":"https:\/\/epicesdu237.com\/?product=racinedegouro","title":{"rendered":"RacinedeGOURO"},"content":{"rendered":"<p><a href=\"https:\/\/epicesdu237.com\/wp-content\/uploads\/2025\/09\/66f8b4_579671199785432bb62b55cf0dabeb0dmv2.jpg\"><img fetchpriority=\"high\" decoding=\"async\" class=\"alignnone size-medium wp-image-697\" src=\"https:\/\/epicesdu237.com\/wp-content\/uploads\/2025\/09\/66f8b4_579671199785432bb62b55cf0dabeb0dmv2-225x300.jpg\" alt=\"\" width=\"225\" height=\"300\" srcset=\"https:\/\/epicesdu237.com\/wp-content\/uploads\/2025\/09\/66f8b4_579671199785432bb62b55cf0dabeb0dmv2-225x300.jpg 225w, https:\/\/epicesdu237.com\/wp-content\/uploads\/2025\/09\/66f8b4_579671199785432bb62b55cf0dabeb0dmv2.jpg 500w\" sizes=\"(max-width: 225px) 100vw, 225px\" \/><\/a><\/p>\n","protected":false},"excerpt":{"rendered":"<p>c&rsquo;est une racine naturelle aphrodisiaque et am\u00e8re. Elle est reconnu pour traiter les probl\u00e8mes d&rsquo;impuissance, d&rsquo;\u00e9jaculation pr\u00e9coce , de baisse de la libido&#8230;.<\/p>\n","protected":false},"featured_media":697,"comment_status":"open","ping_status":"closed","template":"","meta":[],"product_brand":[],"product_cat":[39],"product_tag":[],"class_list":{"0":"post-698","1":"product","2":"type-product","3":"status-publish","4":"has-post-thumbnail","6":"product_cat-ecorce","8":"first","9":"instock","10":"taxable","11":"shipping-taxable","12":"purchasable","13":"product-type-variable"},"jetpack_sharing_enabled":true,"_links":{"self":[{"href":"https:\/\/epicesdu237.com\/index.php?rest_route=\/wp\/v2\/product\/698","targetHints":{"allow":["GET"]}}],"collection":[{"href":"https:\/\/epicesdu237.com\/index.php?rest_route=\/wp\/v2\/product"}],"about":[{"href":"https:\/\/epicesdu237.com\/index.php?rest_route=\/wp\/v2\/types\/product"}],"replies":[{"embeddable":true,"href":"https:\/\/epicesdu237.com\/index.php?rest_route=%2Fwp%2Fv2%2Fcomments&post=698"}],"wp:featuredmedia":[{"embeddable":true,"href":"https:\/\/epicesdu237.com\/index.php?rest_route=\/wp\/v2\/media\/697"}],"wp:attachment":[{"href":"https:\/\/epicesdu237.com\/index.php?rest_route=%2Fwp%2Fv2%2Fmedia&parent=698"}],"wp:term":[{"taxonomy":"product_brand","embeddable":true,"href":"https:\/\/epicesdu237.com\/index.php?rest_route=%2Fwp%2Fv2%2Fproduct_brand&post=698"},{"taxonomy":"product_cat","embeddable":true,"href":"https:\/\/epicesdu237.com\/index.php?rest_route=%2Fwp%2Fv2%2Fproduct_cat&post=698"},{"taxonomy":"product_tag","embeddable":true,"href":"https:\/\/epicesdu237.com\/index.php?rest_route=%2Fwp%2Fv2%2Fproduct_tag&post=698"}],"curies":[{"name":"wp","href":"https:\/\/api.w.org\/{rel}","templated":true}]}}