{"id":701,"date":"2025-10-06T12:17:30","date_gmt":"2025-10-06T10:17:30","guid":{"rendered":"https:\/\/epicesdu237.com\/?post_type=product&#038;p=701"},"modified":"2025-10-06T12:17:30","modified_gmt":"2025-10-06T10:17:30","slug":"citrons-seches","status":"publish","type":"product","link":"https:\/\/epicesdu237.com\/?product=citrons-seches","title":{"rendered":"Citrons s\u00e9ch\u00e9s"},"content":{"rendered":"<p>Le citron s\u00e9ch\u00e9 est un ingr\u00e9dient polyvalent qui offre plusieurs avantages pour la sant\u00e9 et la cuisine.<\/p>\n<p><strong>Vertus du citron s\u00e9ch\u00e9<\/strong><\/p>\n<ul>\n<li><strong>Richesse en vitamine C<\/strong> : le citron s\u00e9ch\u00e9 conserve une partie de sa vitamine C, qui est essentielle pour le syst\u00e8me immunitaire et la sant\u00e9 de la peau.<\/li>\n<li><strong>Antioxydant<\/strong> : les antioxydants pr\u00e9sents dans le citron s\u00e9ch\u00e9 aident \u00e0 prot\u00e9ger les cellules contre les dommages caus\u00e9s par les radicaux libres.<\/li>\n<li><strong>Propri\u00e9t\u00e9s antibact\u00e9riennes<\/strong> : le citron s\u00e9ch\u00e9 a des propri\u00e9t\u00e9s antibact\u00e9riennes qui peuvent aider \u00e0 pr\u00e9venir les infections et \u00e0 am\u00e9liorer la sant\u00e9 digestive.<\/li>\n<li><strong>Aide \u00e0 la digestion<\/strong> : le citron s\u00e9ch\u00e9 peut aider \u00e0 stimuler la digestion et \u00e0 soulager les probl\u00e8mes de ballonnements et de gaz.<\/li>\n<\/ul>\n<p><strong>Utilisations du citron s\u00e9ch\u00e9<\/strong><\/p>\n<ul>\n<li><strong>Cuisine<\/strong> : le citron s\u00e9ch\u00e9 peut \u00eatre utilis\u00e9 pour ajouter de la saveur aux plats, notamment dans les sauces, les marinades et les m\u00e9langes d&rsquo;\u00e9pices.<\/li>\n<li><strong>Th\u00e9<\/strong> : le citron s\u00e9ch\u00e9 peut \u00eatre utilis\u00e9 pour faire des th\u00e9s ou des infusions qui peuvent aider \u00e0 apaiser la gorge et \u00e0 am\u00e9liorer la sant\u00e9 respiratoire.<\/li>\n<li><strong> Soin de la peau<\/strong> : le citron s\u00e9ch\u00e9 peut \u00eatre utilis\u00e9 dans les masques faciaux pour aider \u00e0 \u00e9claircir la peau et \u00e0 r\u00e9duire les imperfections.<\/li>\n<\/ul>\n<p>&nbsp;<\/p>\n","protected":false},"excerpt":{"rendered":"<p>Le citron s\u00e9ch\u00e9 est un ingr\u00e9dient polyvalent qui offre plusieurs avantages pour la sant\u00e9 et la cuisine. Vertus du citron&hellip;<\/p>\n","protected":false},"featured_media":703,"comment_status":"open","ping_status":"closed","template":"","meta":[],"product_brand":[],"product_cat":[43],"product_tag":[],"class_list":{"0":"post-701","1":"product","2":"type-product","3":"status-publish","4":"has-post-thumbnail","6":"product_cat-feuille-sechee","8":"first","9":"instock","10":"taxable","11":"shipping-taxable","12":"purchasable","13":"product-type-variable"},"jetpack_sharing_enabled":true,"_links":{"self":[{"href":"https:\/\/epicesdu237.com\/index.php?rest_route=\/wp\/v2\/product\/701","targetHints":{"allow":["GET"]}}],"collection":[{"href":"https:\/\/epicesdu237.com\/index.php?rest_route=\/wp\/v2\/product"}],"about":[{"href":"https:\/\/epicesdu237.com\/index.php?rest_route=\/wp\/v2\/types\/product"}],"replies":[{"embeddable":true,"href":"https:\/\/epicesdu237.com\/index.php?rest_route=%2Fwp%2Fv2%2Fcomments&post=701"}],"wp:featuredmedia":[{"embeddable":true,"href":"https:\/\/epicesdu237.com\/index.php?rest_route=\/wp\/v2\/media\/703"}],"wp:attachment":[{"href":"https:\/\/epicesdu237.com\/index.php?rest_route=%2Fwp%2Fv2%2Fmedia&parent=701"}],"wp:term":[{"taxonomy":"product_brand","embeddable":true,"href":"https:\/\/epicesdu237.com\/index.php?rest_route=%2Fwp%2Fv2%2Fproduct_brand&post=701"},{"taxonomy":"product_cat","embeddable":true,"href":"https:\/\/epicesdu237.com\/index.php?rest_route=%2Fwp%2Fv2%2Fproduct_cat&post=701"},{"taxonomy":"product_tag","embeddable":true,"href":"https:\/\/epicesdu237.com\/index.php?rest_route=%2Fwp%2Fv2%2Fproduct_tag&post=701"}],"curies":[{"name":"wp","href":"https:\/\/api.w.org\/{rel}","templated":true}]}}