{"id":748,"date":"2025-11-05T16:46:25","date_gmt":"2025-11-05T15:46:25","guid":{"rendered":"https:\/\/epicesdu237.com\/?post_type=product&#038;p=748"},"modified":"2025-11-05T16:46:25","modified_gmt":"2025-11-05T15:46:25","slug":"graines-de-neem","status":"publish","type":"product","link":"https:\/\/epicesdu237.com\/?product=graines-de-neem","title":{"rendered":"Graines de NEEM"},"content":{"rendered":"<p>Les graines de neem sont b\u00e9n\u00e9fiques pour les cheveux et le cuir chevelu. Voici quelques avantages :<\/p>\n<ul>\n<li><strong>Lutte contre les poux et les lentes<\/strong> : les graines de neem \u00e9liminent les poux et les lentes.<\/li>\n<li><strong>Traitement des pellicules et des d\u00e9mangeaisons<\/strong> : les graines de neem traitent les pellicules et les d\u00e9mangeaisons du cuir chevelu gr\u00e2ce \u00e0 leurs propri\u00e9t\u00e9s antifongiques et antibact\u00e9riennes.<\/li>\n<li>\u00a0<strong>Renforcement des cheveux<\/strong> : les graines de neem renforcent les cheveux et pr\u00e9viennent la chute des cheveux.<\/li>\n<li><strong>Am\u00e9lioration de la sant\u00e9 du cuir chevelu<\/strong> : les graines de neem \u00e9quilibrent le pH du cuir chevelu et am\u00e9liorent sa sant\u00e9 globale.<\/li>\n<\/ul>\n<p>Vous pouvez utiliser :<\/p>\n<ul>\n<li><strong>Poudre de neem<\/strong> : faites un masque capillaire ou ajoutez-la \u00e0 votre shampoing.<\/li>\n<li><strong>Huile de neem<\/strong> : massez votre cuir chevelu et vos cheveux.<\/li>\n<li><strong>Infusion de neem<\/strong> : utilisez l&rsquo;infusion comme un rin\u00e7age capillaire.<\/li>\n<\/ul>\n","protected":false},"excerpt":{"rendered":"<p>Les graines de neem sont b\u00e9n\u00e9fiques pour les cheveux et le cuir chevelu. Voici quelques avantages : Lutte contre les&hellip;<\/p>\n","protected":false},"featured_media":749,"comment_status":"open","ping_status":"closed","template":"","meta":[],"product_brand":[],"product_cat":[37],"product_tag":[],"class_list":{"0":"post-748","1":"product","2":"type-product","3":"status-publish","4":"has-post-thumbnail","6":"product_cat-graines","8":"first","9":"instock","10":"taxable","11":"shipping-taxable","12":"purchasable","13":"product-type-variable"},"jetpack_sharing_enabled":true,"_links":{"self":[{"href":"https:\/\/epicesdu237.com\/index.php?rest_route=\/wp\/v2\/product\/748","targetHints":{"allow":["GET"]}}],"collection":[{"href":"https:\/\/epicesdu237.com\/index.php?rest_route=\/wp\/v2\/product"}],"about":[{"href":"https:\/\/epicesdu237.com\/index.php?rest_route=\/wp\/v2\/types\/product"}],"replies":[{"embeddable":true,"href":"https:\/\/epicesdu237.com\/index.php?rest_route=%2Fwp%2Fv2%2Fcomments&post=748"}],"wp:featuredmedia":[{"embeddable":true,"href":"https:\/\/epicesdu237.com\/index.php?rest_route=\/wp\/v2\/media\/749"}],"wp:attachment":[{"href":"https:\/\/epicesdu237.com\/index.php?rest_route=%2Fwp%2Fv2%2Fmedia&parent=748"}],"wp:term":[{"taxonomy":"product_brand","embeddable":true,"href":"https:\/\/epicesdu237.com\/index.php?rest_route=%2Fwp%2Fv2%2Fproduct_brand&post=748"},{"taxonomy":"product_cat","embeddable":true,"href":"https:\/\/epicesdu237.com\/index.php?rest_route=%2Fwp%2Fv2%2Fproduct_cat&post=748"},{"taxonomy":"product_tag","embeddable":true,"href":"https:\/\/epicesdu237.com\/index.php?rest_route=%2Fwp%2Fv2%2Fproduct_tag&post=748"}],"curies":[{"name":"wp","href":"https:\/\/api.w.org\/{rel}","templated":true}]}}