{"id":755,"date":"2025-11-05T17:00:26","date_gmt":"2025-11-05T16:00:26","guid":{"rendered":"https:\/\/epicesdu237.com\/?post_type=product&#038;p=755"},"modified":"2025-11-05T17:00:26","modified_gmt":"2025-11-05T16:00:26","slug":"poudre-de-neem","status":"publish","type":"product","link":"https:\/\/epicesdu237.com\/?product=poudre-de-neem","title":{"rendered":"Poudre de neem"},"content":{"rendered":"<p>Les graines de neem sont connues pour leurs propri\u00e9t\u00e9s m\u00e9dicinales et sont utilis\u00e9es depuis des si\u00e8cles dans la m\u00e9decine traditionnelle indienne, l&rsquo;Ayurveda. Voici quelques-unes des utilisations et des avantages des graines de neem :<\/p>\n<p><strong>Utilisations<\/strong><\/p>\n<ul>\n<li><strong>Traitement des probl\u00e8mes de peau<\/strong> : les graines de neem sont utilis\u00e9es pour traiter les probl\u00e8mes de peau tels que l&rsquo;acn\u00e9, les \u00e9ruptions cutan\u00e9es, les d\u00e9mangeaisons et les infections fongiques.<\/li>\n<li><strong>Lutte contre les insectes et les parasites<\/strong> : les graines de neem sont utilis\u00e9es pour lutter contre les insectes et les parasites tels que les poux, les lentes, les moustiques et les tiques.<\/li>\n<li><strong>Traitement des probl\u00e8mes digestifs<\/strong> : les graines de neem sont utilis\u00e9es pour traiter les probl\u00e8mes digestifs tels que la diarrh\u00e9e, la dysenterie et les troubles gastro-intestinaux.<\/li>\n<li><strong>Renforcement du syst\u00e8me immunitaire<\/strong> : les graines de neem sont utilis\u00e9es pour renforcer le syst\u00e8me immunitaire et pr\u00e9venir les maladies.<\/li>\n<\/ul>\n<p><strong>Avantages<\/strong><\/p>\n<ul>\n<li><strong>Propri\u00e9t\u00e9s antibact\u00e9riennes et antifongiques<\/strong> : les graines de neem ont des propri\u00e9t\u00e9s antibact\u00e9riennes et antifongiques qui les rendent efficaces contre les infections.<\/li>\n<li><strong>Propri\u00e9t\u00e9s anti-inflammatoires<\/strong> : les graines de neem ont des propri\u00e9t\u00e9s anti-inflammatoires qui les rendent utiles pour traiter les probl\u00e8mes de peau et les douleurs articulaires.<\/li>\n<li><strong>Richesse en nutriments<\/strong> : les graines de neem sont riches en nutriments tels que les vitamines, les min\u00e9raux et les acides gras.<\/li>\n<\/ul>\n","protected":false},"excerpt":{"rendered":"<p>Les graines de neem sont connues pour leurs propri\u00e9t\u00e9s m\u00e9dicinales et sont utilis\u00e9es depuis des si\u00e8cles dans la m\u00e9decine traditionnelle&hellip;<\/p>\n","protected":false},"featured_media":756,"comment_status":"open","ping_status":"closed","template":"","meta":[],"product_brand":[],"product_cat":[46],"product_tag":[],"class_list":{"0":"post-755","1":"product","2":"type-product","3":"status-publish","4":"has-post-thumbnail","6":"product_cat-poudre","8":"first","9":"instock","10":"taxable","11":"shipping-taxable","12":"purchasable","13":"product-type-variable"},"jetpack_sharing_enabled":true,"_links":{"self":[{"href":"https:\/\/epicesdu237.com\/index.php?rest_route=\/wp\/v2\/product\/755","targetHints":{"allow":["GET"]}}],"collection":[{"href":"https:\/\/epicesdu237.com\/index.php?rest_route=\/wp\/v2\/product"}],"about":[{"href":"https:\/\/epicesdu237.com\/index.php?rest_route=\/wp\/v2\/types\/product"}],"replies":[{"embeddable":true,"href":"https:\/\/epicesdu237.com\/index.php?rest_route=%2Fwp%2Fv2%2Fcomments&post=755"}],"wp:featuredmedia":[{"embeddable":true,"href":"https:\/\/epicesdu237.com\/index.php?rest_route=\/wp\/v2\/media\/756"}],"wp:attachment":[{"href":"https:\/\/epicesdu237.com\/index.php?rest_route=%2Fwp%2Fv2%2Fmedia&parent=755"}],"wp:term":[{"taxonomy":"product_brand","embeddable":true,"href":"https:\/\/epicesdu237.com\/index.php?rest_route=%2Fwp%2Fv2%2Fproduct_brand&post=755"},{"taxonomy":"product_cat","embeddable":true,"href":"https:\/\/epicesdu237.com\/index.php?rest_route=%2Fwp%2Fv2%2Fproduct_cat&post=755"},{"taxonomy":"product_tag","embeddable":true,"href":"https:\/\/epicesdu237.com\/index.php?rest_route=%2Fwp%2Fv2%2Fproduct_tag&post=755"}],"curies":[{"name":"wp","href":"https:\/\/api.w.org\/{rel}","templated":true}]}}