{"id":795,"date":"2025-11-05T18:06:44","date_gmt":"2025-11-05T17:06:44","guid":{"rendered":"https:\/\/epicesdu237.com\/?post_type=product&#038;p=795"},"modified":"2026-02-12T23:01:21","modified_gmt":"2026-02-12T22:01:21","slug":"piment","status":"publish","type":"product","link":"https:\/\/epicesdu237.com\/?product=piment","title":{"rendered":"Piment frais"},"content":{"rendered":"<p>Le piment ! C&rsquo;est un fruit epice.<\/p>\n<p>Types de piments<br \/>\nIl existe de nombreux types de piments, qui varient en termes de forme, de taille, de couleur et de niveau de piquant.<\/p>\n<p>&#8211; <strong>Piment rouge<\/strong> : c&rsquo;est l&rsquo;un des types de piments les plus courants, connu pour son go\u00fbt \u00e9pic\u00e9 et sa couleur rouge vif.<\/p>\n<p>&#8211;<strong> Piment jaune<\/strong> : c&rsquo;est un type de piment qui a une couleur jaune vif et un go\u00fbt l\u00e9g\u00e8rement sucr\u00e9.<\/p>\n","protected":false},"excerpt":{"rendered":"<p>Le piment ! C&rsquo;est un fruit epice. Types de piments Il existe de nombreux types de piments, qui varient en&hellip;<\/p>\n","protected":false},"featured_media":796,"comment_status":"open","ping_status":"closed","template":"","meta":[],"product_brand":[],"product_cat":[24],"product_tag":[],"class_list":{"0":"post-795","1":"product","2":"type-product","3":"status-publish","4":"has-post-thumbnail","6":"product_cat-epices","8":"first","9":"instock","10":"taxable","11":"shipping-taxable","12":"purchasable","13":"product-type-variable"},"jetpack_sharing_enabled":true,"_links":{"self":[{"href":"https:\/\/epicesdu237.com\/index.php?rest_route=\/wp\/v2\/product\/795","targetHints":{"allow":["GET"]}}],"collection":[{"href":"https:\/\/epicesdu237.com\/index.php?rest_route=\/wp\/v2\/product"}],"about":[{"href":"https:\/\/epicesdu237.com\/index.php?rest_route=\/wp\/v2\/types\/product"}],"replies":[{"embeddable":true,"href":"https:\/\/epicesdu237.com\/index.php?rest_route=%2Fwp%2Fv2%2Fcomments&post=795"}],"wp:featuredmedia":[{"embeddable":true,"href":"https:\/\/epicesdu237.com\/index.php?rest_route=\/wp\/v2\/media\/796"}],"wp:attachment":[{"href":"https:\/\/epicesdu237.com\/index.php?rest_route=%2Fwp%2Fv2%2Fmedia&parent=795"}],"wp:term":[{"taxonomy":"product_brand","embeddable":true,"href":"https:\/\/epicesdu237.com\/index.php?rest_route=%2Fwp%2Fv2%2Fproduct_brand&post=795"},{"taxonomy":"product_cat","embeddable":true,"href":"https:\/\/epicesdu237.com\/index.php?rest_route=%2Fwp%2Fv2%2Fproduct_cat&post=795"},{"taxonomy":"product_tag","embeddable":true,"href":"https:\/\/epicesdu237.com\/index.php?rest_route=%2Fwp%2Fv2%2Fproduct_tag&post=795"}],"curies":[{"name":"wp","href":"https:\/\/api.w.org\/{rel}","templated":true}]}}