{"id":881,"date":"2026-02-19T23:55:05","date_gmt":"2026-02-19T22:55:05","guid":{"rendered":"https:\/\/epicesdu237.com\/?post_type=product&#038;p=881"},"modified":"2026-02-19T23:56:07","modified_gmt":"2026-02-19T22:56:07","slug":"cannelle-de-ceylan","status":"publish","type":"product","link":"https:\/\/epicesdu237.com\/?product=cannelle-de-ceylan","title":{"rendered":"Cannelle de Ceylan"},"content":{"rendered":"<p>\u200bLa cannelle de Ceylan est une alli\u00e9e pr\u00e9cieuse pour le bien-\u00eatre g\u00e9n\u00e9ral gr\u00e2ce \u00e0 ses compos\u00e9s actifs comme le cinnamald\u00e9hyde.<\/p>\n<p>\u200bR\u00e9gulation de la glyc\u00e9mie : Elle aide \u00e0 am\u00e9liorer la sensibilit\u00e9 \u00e0 l&rsquo;insuline et \u00e0 stabiliser le taux de sucre dans le sang, ce qui est id\u00e9al pour les personnes surveillant leur m\u00e9tabolisme.<\/p>\n<p>\u200bPuissant Antioxydant : Elle lutte contre le stress oxydatif et le vieillissement cellulaire.<\/p>\n<p>\u200bPropri\u00e9t\u00e9s Anti-inflammatoires : Utile pour apaiser les inflammations chroniques et les douleurs articulaires mineures.<\/p>\n<p>\u200bConfort Digestif : Elle aide \u00e0 r\u00e9duire les ballonnements, les gaz et favorise une digestion plus fluide.<\/p>\n<p>\u200bSoutien Immunitaire : Ses propri\u00e9t\u00e9s antibact\u00e9riennes et antifongiques aident l&rsquo;organisme \u00e0 se d\u00e9fendre contre les infections hivernales.<\/p>\n<p>\u200b\ud83c\udf73 Usages Courants<\/p>\n<p>\u200bEn Cuisine<\/p>\n<p>\u200bElle est la reine de la p\u00e2tisserie, mais pas seulement :<\/p>\n<p>\u200bDesserts : Saupoudr\u00e9e sur des pommes au four, dans les compotes, les g\u00e2teaux ou les biscuits de No\u00ebl.<\/p>\n<p>\u200bBoissons : Infus\u00e9e dans un th\u00e9, un chocolat chaud, un smoothie ou m\u00eame dans le marc de caf\u00e9 avant la mouture.<\/p>\n<p>\u200bPlats Sal\u00e9s : Tr\u00e8s utilis\u00e9e dans la cuisine orientale et indienne (currys, tajines, pastillas) pour apporter une note chaleureuse.<\/p>\n<p>\u200bEn Bien-\u00eatre<\/p>\n<p>\u200bInfusion : Faites bouillir un b\u00e2ton de cannelle dans de l&rsquo;eau pendant 10 minutes pour une boisson r\u00e9confortante et digestive.<\/p>\n<p>\u200bCosm\u00e9tique (avec prudence) : Parfois utilis\u00e9e dans les masques maison pour raviver l&rsquo;\u00e9clat du teint (attention, elle peut \u00eatre irritante, faites toujours un test cutan\u00e9).<\/p>\n","protected":false},"excerpt":{"rendered":"<p>\u200bLa cannelle de Ceylan est une alli\u00e9e pr\u00e9cieuse pour le bien-\u00eatre g\u00e9n\u00e9ral gr\u00e2ce \u00e0 ses compos\u00e9s actifs comme le cinnamald\u00e9hyde.&hellip;<\/p>\n","protected":false},"featured_media":882,"comment_status":"open","ping_status":"closed","template":"","meta":[],"product_brand":[],"product_cat":[39],"product_tag":[],"class_list":{"0":"post-881","1":"product","2":"type-product","3":"status-publish","4":"has-post-thumbnail","6":"product_cat-ecorce","8":"first","9":"instock","10":"taxable","11":"shipping-taxable","12":"purchasable","13":"product-type-variable"},"jetpack_sharing_enabled":true,"_links":{"self":[{"href":"https:\/\/epicesdu237.com\/index.php?rest_route=\/wp\/v2\/product\/881","targetHints":{"allow":["GET"]}}],"collection":[{"href":"https:\/\/epicesdu237.com\/index.php?rest_route=\/wp\/v2\/product"}],"about":[{"href":"https:\/\/epicesdu237.com\/index.php?rest_route=\/wp\/v2\/types\/product"}],"replies":[{"embeddable":true,"href":"https:\/\/epicesdu237.com\/index.php?rest_route=%2Fwp%2Fv2%2Fcomments&post=881"}],"wp:featuredmedia":[{"embeddable":true,"href":"https:\/\/epicesdu237.com\/index.php?rest_route=\/wp\/v2\/media\/882"}],"wp:attachment":[{"href":"https:\/\/epicesdu237.com\/index.php?rest_route=%2Fwp%2Fv2%2Fmedia&parent=881"}],"wp:term":[{"taxonomy":"product_brand","embeddable":true,"href":"https:\/\/epicesdu237.com\/index.php?rest_route=%2Fwp%2Fv2%2Fproduct_brand&post=881"},{"taxonomy":"product_cat","embeddable":true,"href":"https:\/\/epicesdu237.com\/index.php?rest_route=%2Fwp%2Fv2%2Fproduct_cat&post=881"},{"taxonomy":"product_tag","embeddable":true,"href":"https:\/\/epicesdu237.com\/index.php?rest_route=%2Fwp%2Fv2%2Fproduct_tag&post=881"}],"curies":[{"name":"wp","href":"https:\/\/api.w.org\/{rel}","templated":true}]}}