{"id":887,"date":"2026-02-22T15:11:33","date_gmt":"2026-02-22T14:11:33","guid":{"rendered":"https:\/\/epicesdu237.com\/?post_type=product&#038;p=887"},"modified":"2026-03-01T17:54:25","modified_gmt":"2026-03-01T16:54:25","slug":"betterave-sechee","status":"publish","type":"product","link":"https:\/\/epicesdu237.com\/?product=betterave-sechee","title":{"rendered":"Betterave Sechee"},"content":{"rendered":"<p>Chips de Betterave Pure \u2013 \u00c9nergie Naturelle du Cameroun<\/p>\n<p>\u200bRed\u00e9couvrez la vitalit\u00e9 \u00e0 l&rsquo;\u00e9tat pur. &gt; Nos betteraves sont cultiv\u00e9es avec soin dans les terres fertiles de l&rsquo;Ouest Cameroun, puis d\u00e9licatement s\u00e9ch\u00e9es \u00e0 basse temp\u00e9rature pour pr\u00e9server 100% de leurs nutriments.<\/p>\n<p>\u200bZ\u00e9ro Additif, Z\u00e9ro Sucre Ajout\u00e9 : Rien que de la betterave, rien d&rsquo;autre.<\/p>\n<p>\u200bBooster Naturel : Id\u00e9al pour les sportifs et les personnes an\u00e9mi\u00e9es gr\u00e2ce \u00e0 sa haute teneur en fer et nitrates.<\/p>\n<p>\u200bSnack Intelligent : Une alternative saine aux chips industrielles pour vos pauses au bureau ou l&rsquo;\u00e9cole des enfants.<\/p>\n<p>\u200bLe go\u00fbt authentique du terroir, la sant\u00e9 en plus.<\/p>\n","protected":false},"excerpt":{"rendered":"<p>Chips de Betterave Pure \u2013 \u00c9nergie Naturelle du Cameroun \u200bRed\u00e9couvrez la vitalit\u00e9 \u00e0 l&rsquo;\u00e9tat pur. &gt; Nos betteraves sont cultiv\u00e9es&hellip;<\/p>\n","protected":false},"featured_media":888,"comment_status":"open","ping_status":"closed","template":"","meta":[],"product_brand":[],"product_cat":[15],"product_tag":[],"class_list":{"0":"post-887","1":"product","2":"type-product","3":"status-publish","4":"has-post-thumbnail","6":"product_cat-non-classe","8":"first","9":"instock","10":"taxable","11":"shipping-taxable","12":"purchasable","13":"product-type-variable"},"jetpack_sharing_enabled":true,"_links":{"self":[{"href":"https:\/\/epicesdu237.com\/index.php?rest_route=\/wp\/v2\/product\/887","targetHints":{"allow":["GET"]}}],"collection":[{"href":"https:\/\/epicesdu237.com\/index.php?rest_route=\/wp\/v2\/product"}],"about":[{"href":"https:\/\/epicesdu237.com\/index.php?rest_route=\/wp\/v2\/types\/product"}],"replies":[{"embeddable":true,"href":"https:\/\/epicesdu237.com\/index.php?rest_route=%2Fwp%2Fv2%2Fcomments&post=887"}],"wp:featuredmedia":[{"embeddable":true,"href":"https:\/\/epicesdu237.com\/index.php?rest_route=\/wp\/v2\/media\/888"}],"wp:attachment":[{"href":"https:\/\/epicesdu237.com\/index.php?rest_route=%2Fwp%2Fv2%2Fmedia&parent=887"}],"wp:term":[{"taxonomy":"product_brand","embeddable":true,"href":"https:\/\/epicesdu237.com\/index.php?rest_route=%2Fwp%2Fv2%2Fproduct_brand&post=887"},{"taxonomy":"product_cat","embeddable":true,"href":"https:\/\/epicesdu237.com\/index.php?rest_route=%2Fwp%2Fv2%2Fproduct_cat&post=887"},{"taxonomy":"product_tag","embeddable":true,"href":"https:\/\/epicesdu237.com\/index.php?rest_route=%2Fwp%2Fv2%2Fproduct_tag&post=887"}],"curies":[{"name":"wp","href":"https:\/\/api.w.org\/{rel}","templated":true}]}}